{"id":481,"date":"2022-02-21T15:49:17","date_gmt":"2022-02-21T20:49:17","guid":{"rendered":"https:\/\/maisonelizabeth.naracreative.com\/blogs\/"},"modified":"2023-01-30T08:14:57","modified_gmt":"2023-01-30T13:14:57","slug":"blogs","status":"publish","type":"page","link":"https:\/\/maisonelizabethhouse.com\/fr\/blogs\/","title":{"rendered":"Blogues"},"content":{"rendered":"","protected":false},"excerpt":{"rendered":"","protected":false},"author":1,"featured_media":0,"parent":0,"menu_order":0,"comment_status":"closed","ping_status":"closed","template":"archive-blogs.php","meta":{"_acf_changed":false,"_EventAllDay":false,"_EventTimezone":"","_EventStartDate":"","_EventEndDate":"","_EventStartDateUTC":"","_EventEndDateUTC":"","_EventShowMap":false,"_EventShowMapLink":false,"_EventURL":"","_EventCost":"","_EventCostDescription":"","_EventCurrencySymbol":"","_EventCurrencyCode":"","_EventCurrencyPosition":"","_EventDateTimeSeparator":"","_EventTimeRangeSeparator":"","_EventOrganizerID":[],"_EventVenueID":[],"_OrganizerEmail":"","_OrganizerPhone":"","_OrganizerWebsite":"","_VenueAddress":"","_VenueCity":"","_VenueCountry":"","_VenueProvince":"","_VenueState":"","_VenueZip":"","_VenuePhone":"","_VenueURL":"","_VenueStateProvince":"","_VenueLat":"","_VenueLng":"","_VenueShowMap":false,"_VenueShowMapLink":false,"footnotes":""},"class_list":["post-481","page","type-page","status-publish","hentry"],"acf":[],"yoast_head":"<!-- This site is optimized with the Yoast SEO plugin v27.3 - https:\/\/yoast.com\/product\/yoast-seo-wordpress\/ -->\n<title>Notre blogue pour soutenir les familles - Maison Elizabeth<\/title>\n<meta name=\"description\" content=\"D\u00e9couvez notre blog avec les derni\u00e8res actualit\u00e9s et de nombreux articles pour aider les familles \u00e0 trouver leur \u00e9quilibre et constuire un avenir meilleur.\" \/>\n<meta name=\"robots\" content=\"index, follow, max-snippet:-1, max-image-preview:large, max-video-preview:-1\" \/>\n<link rel=\"canonical\" href=\"https:\/\/maisonelizabethhouse.com\/fr\/blogs\/\" \/>\n<meta property=\"og:locale\" content=\"fr_FR\" \/>\n<meta property=\"og:type\" content=\"article\" \/>\n<meta property=\"og:title\" content=\"Notre blogue pour soutenir les familles - Maison Elizabeth\" \/>\n<meta property=\"og:description\" content=\"D\u00e9couvez notre blog avec les derni\u00e8res actualit\u00e9s et de nombreux articles pour aider les familles \u00e0 trouver leur \u00e9quilibre et constuire un avenir meilleur.\" \/>\n<meta property=\"og:url\" content=\"https:\/\/maisonelizabethhouse.com\/fr\/blogs\/\" \/>\n<meta property=\"og:site_name\" content=\"maisonelizabeth\" \/>\n<meta property=\"article:modified_time\" content=\"2023-01-30T13:14:57+00:00\" \/>\n<meta name=\"twitter:card\" content=\"summary_large_image\" \/>\n<script type=\"application\/ld+json\" class=\"yoast-schema-graph\">{\"@context\":\"https:\\\/\\\/schema.org\",\"@graph\":[{\"@type\":\"WebPage\",\"@id\":\"https:\\\/\\\/maisonelizabethhouse.com\\\/fr\\\/blogs\\\/\",\"url\":\"https:\\\/\\\/maisonelizabethhouse.com\\\/fr\\\/blogs\\\/\",\"name\":\"Notre blogue pour soutenir les familles - Maison Elizabeth\",\"isPartOf\":{\"@id\":\"https:\\\/\\\/maisonelizabethhouse.com\\\/fr\\\/#website\"},\"datePublished\":\"2022-02-21T20:49:17+00:00\",\"dateModified\":\"2023-01-30T13:14:57+00:00\",\"description\":\"D\u00e9couvez notre blog avec les derni\u00e8res actualit\u00e9s et de nombreux articles pour aider les familles \u00e0 trouver leur \u00e9quilibre et constuire un avenir meilleur.\",\"breadcrumb\":{\"@id\":\"https:\\\/\\\/maisonelizabethhouse.com\\\/fr\\\/blogs\\\/#breadcrumb\"},\"inLanguage\":\"fr-FR\",\"potentialAction\":[{\"@type\":\"ReadAction\",\"target\":[\"https:\\\/\\\/maisonelizabethhouse.com\\\/fr\\\/blogs\\\/\"]}]},{\"@type\":\"BreadcrumbList\",\"@id\":\"https:\\\/\\\/maisonelizabethhouse.com\\\/fr\\\/blogs\\\/#breadcrumb\",\"itemListElement\":[{\"@type\":\"ListItem\",\"position\":1,\"name\":\"Home\",\"item\":\"https:\\\/\\\/maisonelizabethhouse.com\\\/fr\\\/\"},{\"@type\":\"ListItem\",\"position\":2,\"name\":\"Blogues\"}]},{\"@type\":\"WebSite\",\"@id\":\"https:\\\/\\\/maisonelizabethhouse.com\\\/fr\\\/#website\",\"url\":\"https:\\\/\\\/maisonelizabethhouse.com\\\/fr\\\/\",\"name\":\"maisonelizabeth\",\"description\":\"\",\"potentialAction\":[{\"@type\":\"SearchAction\",\"target\":{\"@type\":\"EntryPoint\",\"urlTemplate\":\"https:\\\/\\\/maisonelizabethhouse.com\\\/fr\\\/?s={search_term_string}\"},\"query-input\":{\"@type\":\"PropertyValueSpecification\",\"valueRequired\":true,\"valueName\":\"search_term_string\"}}],\"inLanguage\":\"fr-FR\"}]}<\/script>\n<!-- \/ Yoast SEO plugin. -->","yoast_head_json":{"title":"Notre blogue pour soutenir les familles - Maison Elizabeth","description":"D\u00e9couvez notre blog avec les derni\u00e8res actualit\u00e9s et de nombreux articles pour aider les familles \u00e0 trouver leur \u00e9quilibre et constuire un avenir meilleur.","robots":{"index":"index","follow":"follow","max-snippet":"max-snippet:-1","max-image-preview":"max-image-preview:large","max-video-preview":"max-video-preview:-1"},"canonical":"https:\/\/maisonelizabethhouse.com\/fr\/blogs\/","og_locale":"fr_FR","og_type":"article","og_title":"Notre blogue pour soutenir les familles - Maison Elizabeth","og_description":"D\u00e9couvez notre blog avec les derni\u00e8res actualit\u00e9s et de nombreux articles pour aider les familles \u00e0 trouver leur \u00e9quilibre et constuire un avenir meilleur.","og_url":"https:\/\/maisonelizabethhouse.com\/fr\/blogs\/","og_site_name":"maisonelizabeth","article_modified_time":"2023-01-30T13:14:57+00:00","twitter_card":"summary_large_image","schema":{"@context":"https:\/\/schema.org","@graph":[{"@type":"WebPage","@id":"https:\/\/maisonelizabethhouse.com\/fr\/blogs\/","url":"https:\/\/maisonelizabethhouse.com\/fr\/blogs\/","name":"Notre blogue pour soutenir les familles - Maison Elizabeth","isPartOf":{"@id":"https:\/\/maisonelizabethhouse.com\/fr\/#website"},"datePublished":"2022-02-21T20:49:17+00:00","dateModified":"2023-01-30T13:14:57+00:00","description":"D\u00e9couvez notre blog avec les derni\u00e8res actualit\u00e9s et de nombreux articles pour aider les familles \u00e0 trouver leur \u00e9quilibre et constuire un avenir meilleur.","breadcrumb":{"@id":"https:\/\/maisonelizabethhouse.com\/fr\/blogs\/#breadcrumb"},"inLanguage":"fr-FR","potentialAction":[{"@type":"ReadAction","target":["https:\/\/maisonelizabethhouse.com\/fr\/blogs\/"]}]},{"@type":"BreadcrumbList","@id":"https:\/\/maisonelizabethhouse.com\/fr\/blogs\/#breadcrumb","itemListElement":[{"@type":"ListItem","position":1,"name":"Home","item":"https:\/\/maisonelizabethhouse.com\/fr\/"},{"@type":"ListItem","position":2,"name":"Blogues"}]},{"@type":"WebSite","@id":"https:\/\/maisonelizabethhouse.com\/fr\/#website","url":"https:\/\/maisonelizabethhouse.com\/fr\/","name":"maisonelizabeth","description":"","potentialAction":[{"@type":"SearchAction","target":{"@type":"EntryPoint","urlTemplate":"https:\/\/maisonelizabethhouse.com\/fr\/?s={search_term_string}"},"query-input":{"@type":"PropertyValueSpecification","valueRequired":true,"valueName":"search_term_string"}}],"inLanguage":"fr-FR"}]}},"_links":{"self":[{"href":"https:\/\/maisonelizabethhouse.com\/fr\/wp-json\/wp\/v2\/pages\/481","targetHints":{"allow":["GET"]}}],"collection":[{"href":"https:\/\/maisonelizabethhouse.com\/fr\/wp-json\/wp\/v2\/pages"}],"about":[{"href":"https:\/\/maisonelizabethhouse.com\/fr\/wp-json\/wp\/v2\/types\/page"}],"author":[{"embeddable":true,"href":"https:\/\/maisonelizabethhouse.com\/fr\/wp-json\/wp\/v2\/users\/1"}],"replies":[{"embeddable":true,"href":"https:\/\/maisonelizabethhouse.com\/fr\/wp-json\/wp\/v2\/comments?post=481"}],"version-history":[{"count":3,"href":"https:\/\/maisonelizabethhouse.com\/fr\/wp-json\/wp\/v2\/pages\/481\/revisions"}],"predecessor-version":[{"id":765,"href":"https:\/\/maisonelizabethhouse.com\/fr\/wp-json\/wp\/v2\/pages\/481\/revisions\/765"}],"wp:attachment":[{"href":"https:\/\/maisonelizabethhouse.com\/fr\/wp-json\/wp\/v2\/media?parent=481"}],"curies":[{"name":"wp","href":"https:\/\/api.w.org\/{rel}","templated":true}]}}