{"id":482,"date":"2022-02-24T15:59:31","date_gmt":"2022-02-24T20:59:31","guid":{"rendered":"https:\/\/maisonelizabeth.naracreative.com\/careers\/"},"modified":"2023-01-30T08:14:58","modified_gmt":"2023-01-30T13:14:58","slug":"careers","status":"publish","type":"page","link":"https:\/\/maisonelizabethhouse.com\/fr\/careers\/","title":{"rendered":"Carri\u00e8res"},"content":{"rendered":"","protected":false},"excerpt":{"rendered":"","protected":false},"author":1,"featured_media":969,"parent":0,"menu_order":0,"comment_status":"closed","ping_status":"closed","template":"template-careers.php","meta":{"_acf_changed":false,"_EventAllDay":false,"_EventTimezone":"","_EventStartDate":"","_EventEndDate":"","_EventStartDateUTC":"","_EventEndDateUTC":"","_EventShowMap":false,"_EventShowMapLink":false,"_EventURL":"","_EventCost":"","_EventCostDescription":"","_EventCurrencySymbol":"","_EventCurrencyCode":"","_EventCurrencyPosition":"","_EventDateTimeSeparator":"","_EventTimeRangeSeparator":"","_EventOrganizerID":[],"_EventVenueID":[],"_OrganizerEmail":"","_OrganizerPhone":"","_OrganizerWebsite":"","_VenueAddress":"","_VenueCity":"","_VenueCountry":"","_VenueProvince":"","_VenueState":"","_VenueZip":"","_VenuePhone":"","_VenueURL":"","_VenueStateProvince":"","_VenueLat":"","_VenueLng":"","_VenueShowMap":false,"_VenueShowMapLink":false,"footnotes":""},"class_list":["post-482","page","type-page","status-publish","has-post-thumbnail","hentry"],"acf":[],"yoast_head":"<!-- This site is optimized with the Yoast SEO plugin v27.3 - https:\/\/yoast.com\/product\/yoast-seo-wordpress\/ -->\n<title>Rejoingnez notre \u00e9quipe - Maison Elizabeth<\/title>\n<meta name=\"description\" content=\"D\u00e9couvrez nos offres d&#039;emploi pour rejoindre notre \u00e9quipe ! Parcourez nos offres, stages et nos projets actuels pour lesquelles nous avons besoin de volontaires.\" \/>\n<meta name=\"robots\" content=\"index, follow, max-snippet:-1, max-image-preview:large, max-video-preview:-1\" \/>\n<link rel=\"canonical\" href=\"https:\/\/maisonelizabethhouse.com\/fr\/careers\/\" \/>\n<meta property=\"og:locale\" content=\"fr_FR\" \/>\n<meta property=\"og:type\" content=\"article\" \/>\n<meta property=\"og:title\" content=\"Rejoingnez notre \u00e9quipe - Maison Elizabeth\" \/>\n<meta property=\"og:description\" content=\"D\u00e9couvrez nos offres d&#039;emploi pour rejoindre notre \u00e9quipe ! Parcourez nos offres, stages et nos projets actuels pour lesquelles nous avons besoin de volontaires.\" \/>\n<meta property=\"og:url\" content=\"https:\/\/maisonelizabethhouse.com\/fr\/careers\/\" \/>\n<meta property=\"og:site_name\" content=\"maisonelizabeth\" \/>\n<meta property=\"article:modified_time\" content=\"2023-01-30T13:14:58+00:00\" \/>\n<meta property=\"og:image\" content=\"https:\/\/maisonelizabethhouse.com\/wp-content\/uploads\/2022\/06\/header-career-new-min.png\" \/>\n\t<meta property=\"og:image:width\" content=\"1545\" \/>\n\t<meta property=\"og:image:height\" content=\"945\" \/>\n\t<meta property=\"og:image:type\" content=\"image\/png\" \/>\n<meta name=\"twitter:card\" content=\"summary_large_image\" \/>\n<script type=\"application\/ld+json\" class=\"yoast-schema-graph\">{\"@context\":\"https:\\\/\\\/schema.org\",\"@graph\":[{\"@type\":\"WebPage\",\"@id\":\"https:\\\/\\\/maisonelizabethhouse.com\\\/fr\\\/careers\\\/\",\"url\":\"https:\\\/\\\/maisonelizabethhouse.com\\\/fr\\\/careers\\\/\",\"name\":\"Rejoingnez notre \u00e9quipe - Maison Elizabeth\",\"isPartOf\":{\"@id\":\"https:\\\/\\\/maisonelizabethhouse.com\\\/fr\\\/#website\"},\"primaryImageOfPage\":{\"@id\":\"https:\\\/\\\/maisonelizabethhouse.com\\\/fr\\\/careers\\\/#primaryimage\"},\"image\":{\"@id\":\"https:\\\/\\\/maisonelizabethhouse.com\\\/fr\\\/careers\\\/#primaryimage\"},\"thumbnailUrl\":\"https:\\\/\\\/maisonelizabethhouse.com\\\/wp-content\\\/uploads\\\/2022\\\/06\\\/header-career-new-min.png\",\"datePublished\":\"2022-02-24T20:59:31+00:00\",\"dateModified\":\"2023-01-30T13:14:58+00:00\",\"description\":\"D\u00e9couvrez nos offres d'emploi pour rejoindre notre \u00e9quipe ! Parcourez nos offres, stages et nos projets actuels pour lesquelles nous avons besoin de volontaires.\",\"breadcrumb\":{\"@id\":\"https:\\\/\\\/maisonelizabethhouse.com\\\/fr\\\/careers\\\/#breadcrumb\"},\"inLanguage\":\"fr-FR\",\"potentialAction\":[{\"@type\":\"ReadAction\",\"target\":[\"https:\\\/\\\/maisonelizabethhouse.com\\\/fr\\\/careers\\\/\"]}]},{\"@type\":\"ImageObject\",\"inLanguage\":\"fr-FR\",\"@id\":\"https:\\\/\\\/maisonelizabethhouse.com\\\/fr\\\/careers\\\/#primaryimage\",\"url\":\"https:\\\/\\\/maisonelizabethhouse.com\\\/wp-content\\\/uploads\\\/2022\\\/06\\\/header-career-new-min.png\",\"contentUrl\":\"https:\\\/\\\/maisonelizabethhouse.com\\\/wp-content\\\/uploads\\\/2022\\\/06\\\/header-career-new-min.png\",\"width\":1545,\"height\":945},{\"@type\":\"BreadcrumbList\",\"@id\":\"https:\\\/\\\/maisonelizabethhouse.com\\\/fr\\\/careers\\\/#breadcrumb\",\"itemListElement\":[{\"@type\":\"ListItem\",\"position\":1,\"name\":\"Home\",\"item\":\"https:\\\/\\\/maisonelizabethhouse.com\\\/fr\\\/\"},{\"@type\":\"ListItem\",\"position\":2,\"name\":\"Carri\u00e8res\"}]},{\"@type\":\"WebSite\",\"@id\":\"https:\\\/\\\/maisonelizabethhouse.com\\\/fr\\\/#website\",\"url\":\"https:\\\/\\\/maisonelizabethhouse.com\\\/fr\\\/\",\"name\":\"maisonelizabeth\",\"description\":\"\",\"potentialAction\":[{\"@type\":\"SearchAction\",\"target\":{\"@type\":\"EntryPoint\",\"urlTemplate\":\"https:\\\/\\\/maisonelizabethhouse.com\\\/fr\\\/?s={search_term_string}\"},\"query-input\":{\"@type\":\"PropertyValueSpecification\",\"valueRequired\":true,\"valueName\":\"search_term_string\"}}],\"inLanguage\":\"fr-FR\"}]}<\/script>\n<!-- \/ Yoast SEO plugin. -->","yoast_head_json":{"title":"Rejoingnez notre \u00e9quipe - Maison Elizabeth","description":"D\u00e9couvrez nos offres d'emploi pour rejoindre notre \u00e9quipe ! Parcourez nos offres, stages et nos projets actuels pour lesquelles nous avons besoin de volontaires.","robots":{"index":"index","follow":"follow","max-snippet":"max-snippet:-1","max-image-preview":"max-image-preview:large","max-video-preview":"max-video-preview:-1"},"canonical":"https:\/\/maisonelizabethhouse.com\/fr\/careers\/","og_locale":"fr_FR","og_type":"article","og_title":"Rejoingnez notre \u00e9quipe - Maison Elizabeth","og_description":"D\u00e9couvrez nos offres d'emploi pour rejoindre notre \u00e9quipe ! Parcourez nos offres, stages et nos projets actuels pour lesquelles nous avons besoin de volontaires.","og_url":"https:\/\/maisonelizabethhouse.com\/fr\/careers\/","og_site_name":"maisonelizabeth","article_modified_time":"2023-01-30T13:14:58+00:00","og_image":[{"width":1545,"height":945,"url":"https:\/\/maisonelizabethhouse.com\/wp-content\/uploads\/2022\/06\/header-career-new-min.png","type":"image\/png"}],"twitter_card":"summary_large_image","schema":{"@context":"https:\/\/schema.org","@graph":[{"@type":"WebPage","@id":"https:\/\/maisonelizabethhouse.com\/fr\/careers\/","url":"https:\/\/maisonelizabethhouse.com\/fr\/careers\/","name":"Rejoingnez notre \u00e9quipe - Maison Elizabeth","isPartOf":{"@id":"https:\/\/maisonelizabethhouse.com\/fr\/#website"},"primaryImageOfPage":{"@id":"https:\/\/maisonelizabethhouse.com\/fr\/careers\/#primaryimage"},"image":{"@id":"https:\/\/maisonelizabethhouse.com\/fr\/careers\/#primaryimage"},"thumbnailUrl":"https:\/\/maisonelizabethhouse.com\/wp-content\/uploads\/2022\/06\/header-career-new-min.png","datePublished":"2022-02-24T20:59:31+00:00","dateModified":"2023-01-30T13:14:58+00:00","description":"D\u00e9couvrez nos offres d'emploi pour rejoindre notre \u00e9quipe ! Parcourez nos offres, stages et nos projets actuels pour lesquelles nous avons besoin de volontaires.","breadcrumb":{"@id":"https:\/\/maisonelizabethhouse.com\/fr\/careers\/#breadcrumb"},"inLanguage":"fr-FR","potentialAction":[{"@type":"ReadAction","target":["https:\/\/maisonelizabethhouse.com\/fr\/careers\/"]}]},{"@type":"ImageObject","inLanguage":"fr-FR","@id":"https:\/\/maisonelizabethhouse.com\/fr\/careers\/#primaryimage","url":"https:\/\/maisonelizabethhouse.com\/wp-content\/uploads\/2022\/06\/header-career-new-min.png","contentUrl":"https:\/\/maisonelizabethhouse.com\/wp-content\/uploads\/2022\/06\/header-career-new-min.png","width":1545,"height":945},{"@type":"BreadcrumbList","@id":"https:\/\/maisonelizabethhouse.com\/fr\/careers\/#breadcrumb","itemListElement":[{"@type":"ListItem","position":1,"name":"Home","item":"https:\/\/maisonelizabethhouse.com\/fr\/"},{"@type":"ListItem","position":2,"name":"Carri\u00e8res"}]},{"@type":"WebSite","@id":"https:\/\/maisonelizabethhouse.com\/fr\/#website","url":"https:\/\/maisonelizabethhouse.com\/fr\/","name":"maisonelizabeth","description":"","potentialAction":[{"@type":"SearchAction","target":{"@type":"EntryPoint","urlTemplate":"https:\/\/maisonelizabethhouse.com\/fr\/?s={search_term_string}"},"query-input":{"@type":"PropertyValueSpecification","valueRequired":true,"valueName":"search_term_string"}}],"inLanguage":"fr-FR"}]}},"_links":{"self":[{"href":"https:\/\/maisonelizabethhouse.com\/fr\/wp-json\/wp\/v2\/pages\/482","targetHints":{"allow":["GET"]}}],"collection":[{"href":"https:\/\/maisonelizabethhouse.com\/fr\/wp-json\/wp\/v2\/pages"}],"about":[{"href":"https:\/\/maisonelizabethhouse.com\/fr\/wp-json\/wp\/v2\/types\/page"}],"author":[{"embeddable":true,"href":"https:\/\/maisonelizabethhouse.com\/fr\/wp-json\/wp\/v2\/users\/1"}],"replies":[{"embeddable":true,"href":"https:\/\/maisonelizabethhouse.com\/fr\/wp-json\/wp\/v2\/comments?post=482"}],"version-history":[{"count":7,"href":"https:\/\/maisonelizabethhouse.com\/fr\/wp-json\/wp\/v2\/pages\/482\/revisions"}],"predecessor-version":[{"id":827,"href":"https:\/\/maisonelizabethhouse.com\/fr\/wp-json\/wp\/v2\/pages\/482\/revisions\/827"}],"wp:featuredmedia":[{"embeddable":true,"href":"https:\/\/maisonelizabethhouse.com\/fr\/wp-json\/wp\/v2\/media\/969"}],"wp:attachment":[{"href":"https:\/\/maisonelizabethhouse.com\/fr\/wp-json\/wp\/v2\/media?parent=482"}],"curies":[{"name":"wp","href":"https:\/\/api.w.org\/{rel}","templated":true}]}}