{"id":484,"date":"2022-02-21T16:40:48","date_gmt":"2022-02-21T21:40:48","guid":{"rendered":"https:\/\/maisonelizabeth.naracreative.com\/get-involved\/"},"modified":"2024-04-19T13:04:22","modified_gmt":"2024-04-19T17:04:22","slug":"get-involved","status":"publish","type":"page","link":"https:\/\/maisonelizabethhouse.com\/fr\/get-involved\/","title":{"rendered":"S\u2019impliquer"},"content":{"rendered":"","protected":false},"excerpt":{"rendered":"","protected":false},"author":1,"featured_media":82,"parent":0,"menu_order":0,"comment_status":"closed","ping_status":"closed","template":"template-involved.php","meta":{"_acf_changed":false,"_EventAllDay":false,"_EventTimezone":"","_EventStartDate":"","_EventEndDate":"","_EventStartDateUTC":"","_EventEndDateUTC":"","_EventShowMap":false,"_EventShowMapLink":false,"_EventURL":"","_EventCost":"","_EventCostDescription":"","_EventCurrencySymbol":"","_EventCurrencyCode":"","_EventCurrencyPosition":"","_EventDateTimeSeparator":"","_EventTimeRangeSeparator":"","_EventOrganizerID":[],"_EventVenueID":[],"_OrganizerEmail":"","_OrganizerPhone":"","_OrganizerWebsite":"","_VenueAddress":"","_VenueCity":"","_VenueCountry":"","_VenueProvince":"","_VenueState":"","_VenueZip":"","_VenuePhone":"","_VenueURL":"","_VenueStateProvince":"","_VenueLat":"","_VenueLng":"","_VenueShowMap":false,"_VenueShowMapLink":false,"footnotes":""},"class_list":["post-484","page","type-page","status-publish","has-post-thumbnail","hentry"],"acf":[],"yoast_head":"<!-- This site is optimized with the Yoast SEO plugin v27.3 - https:\/\/yoast.com\/product\/yoast-seo-wordpress\/ -->\n<title>S&#039;impliquer pour aider les familles dans le besoin - Maison Elizabeth<\/title>\n<meta name=\"description\" content=\"D\u00e9couvrez comment vous pouvez aider la communaut\u00e9 en supportant MaisonElizabeth, au travers de donations, ou bien en \u00e9tant volontaire dans nos projets.\" \/>\n<meta name=\"robots\" content=\"index, follow, max-snippet:-1, max-image-preview:large, max-video-preview:-1\" \/>\n<link rel=\"canonical\" href=\"https:\/\/maisonelizabethhouse.com\/fr\/get-involved\/\" \/>\n<meta property=\"og:locale\" content=\"fr_FR\" \/>\n<meta property=\"og:type\" content=\"article\" \/>\n<meta property=\"og:title\" content=\"S&#039;impliquer pour aider les familles dans le besoin - Maison Elizabeth\" \/>\n<meta property=\"og:description\" content=\"D\u00e9couvrez comment vous pouvez aider la communaut\u00e9 en supportant MaisonElizabeth, au travers de donations, ou bien en \u00e9tant volontaire dans nos projets.\" \/>\n<meta property=\"og:url\" content=\"https:\/\/maisonelizabethhouse.com\/fr\/get-involved\/\" \/>\n<meta property=\"og:site_name\" content=\"maisonelizabeth\" \/>\n<meta property=\"article:modified_time\" content=\"2024-04-19T17:04:22+00:00\" \/>\n<meta property=\"og:image\" content=\"https:\/\/maisonelizabethhouse.com\/wp-content\/uploads\/2022\/02\/header-getinvolved.png\" \/>\n\t<meta property=\"og:image:width\" content=\"1545\" \/>\n\t<meta property=\"og:image:height\" content=\"945\" \/>\n\t<meta property=\"og:image:type\" content=\"image\/png\" \/>\n<meta name=\"twitter:card\" content=\"summary_large_image\" \/>\n<meta name=\"twitter:label1\" content=\"Dur\u00e9e de lecture estim\u00e9e\" \/>\n\t<meta name=\"twitter:data1\" content=\"1 minute\" \/>\n<script type=\"application\/ld+json\" class=\"yoast-schema-graph\">{\"@context\":\"https:\\\/\\\/schema.org\",\"@graph\":[{\"@type\":\"WebPage\",\"@id\":\"https:\\\/\\\/maisonelizabethhouse.com\\\/fr\\\/get-involved\\\/\",\"url\":\"https:\\\/\\\/maisonelizabethhouse.com\\\/fr\\\/get-involved\\\/\",\"name\":\"S'impliquer pour aider les familles dans le besoin - Maison Elizabeth\",\"isPartOf\":{\"@id\":\"https:\\\/\\\/maisonelizabethhouse.com\\\/fr\\\/#website\"},\"primaryImageOfPage\":{\"@id\":\"https:\\\/\\\/maisonelizabethhouse.com\\\/fr\\\/get-involved\\\/#primaryimage\"},\"image\":{\"@id\":\"https:\\\/\\\/maisonelizabethhouse.com\\\/fr\\\/get-involved\\\/#primaryimage\"},\"thumbnailUrl\":\"https:\\\/\\\/maisonelizabethhouse.com\\\/wp-content\\\/uploads\\\/2022\\\/02\\\/header-getinvolved.png\",\"datePublished\":\"2022-02-21T21:40:48+00:00\",\"dateModified\":\"2024-04-19T17:04:22+00:00\",\"description\":\"D\u00e9couvrez comment vous pouvez aider la communaut\u00e9 en supportant MaisonElizabeth, au travers de donations, ou bien en \u00e9tant volontaire dans nos projets.\",\"breadcrumb\":{\"@id\":\"https:\\\/\\\/maisonelizabethhouse.com\\\/fr\\\/get-involved\\\/#breadcrumb\"},\"inLanguage\":\"fr-FR\",\"potentialAction\":[{\"@type\":\"ReadAction\",\"target\":[\"https:\\\/\\\/maisonelizabethhouse.com\\\/fr\\\/get-involved\\\/\"]}]},{\"@type\":\"ImageObject\",\"inLanguage\":\"fr-FR\",\"@id\":\"https:\\\/\\\/maisonelizabethhouse.com\\\/fr\\\/get-involved\\\/#primaryimage\",\"url\":\"https:\\\/\\\/maisonelizabethhouse.com\\\/wp-content\\\/uploads\\\/2022\\\/02\\\/header-getinvolved.png\",\"contentUrl\":\"https:\\\/\\\/maisonelizabethhouse.com\\\/wp-content\\\/uploads\\\/2022\\\/02\\\/header-getinvolved.png\",\"width\":1545,\"height\":945},{\"@type\":\"BreadcrumbList\",\"@id\":\"https:\\\/\\\/maisonelizabethhouse.com\\\/fr\\\/get-involved\\\/#breadcrumb\",\"itemListElement\":[{\"@type\":\"ListItem\",\"position\":1,\"name\":\"Home\",\"item\":\"https:\\\/\\\/maisonelizabethhouse.com\\\/fr\\\/\"},{\"@type\":\"ListItem\",\"position\":2,\"name\":\"S\u2019impliquer\"}]},{\"@type\":\"WebSite\",\"@id\":\"https:\\\/\\\/maisonelizabethhouse.com\\\/fr\\\/#website\",\"url\":\"https:\\\/\\\/maisonelizabethhouse.com\\\/fr\\\/\",\"name\":\"maisonelizabeth\",\"description\":\"\",\"potentialAction\":[{\"@type\":\"SearchAction\",\"target\":{\"@type\":\"EntryPoint\",\"urlTemplate\":\"https:\\\/\\\/maisonelizabethhouse.com\\\/fr\\\/?s={search_term_string}\"},\"query-input\":{\"@type\":\"PropertyValueSpecification\",\"valueRequired\":true,\"valueName\":\"search_term_string\"}}],\"inLanguage\":\"fr-FR\"}]}<\/script>\n<!-- \/ Yoast SEO plugin. -->","yoast_head_json":{"title":"S'impliquer pour aider les familles dans le besoin - Maison Elizabeth","description":"D\u00e9couvrez comment vous pouvez aider la communaut\u00e9 en supportant MaisonElizabeth, au travers de donations, ou bien en \u00e9tant volontaire dans nos projets.","robots":{"index":"index","follow":"follow","max-snippet":"max-snippet:-1","max-image-preview":"max-image-preview:large","max-video-preview":"max-video-preview:-1"},"canonical":"https:\/\/maisonelizabethhouse.com\/fr\/get-involved\/","og_locale":"fr_FR","og_type":"article","og_title":"S'impliquer pour aider les familles dans le besoin - Maison Elizabeth","og_description":"D\u00e9couvrez comment vous pouvez aider la communaut\u00e9 en supportant MaisonElizabeth, au travers de donations, ou bien en \u00e9tant volontaire dans nos projets.","og_url":"https:\/\/maisonelizabethhouse.com\/fr\/get-involved\/","og_site_name":"maisonelizabeth","article_modified_time":"2024-04-19T17:04:22+00:00","og_image":[{"width":1545,"height":945,"url":"https:\/\/maisonelizabethhouse.com\/wp-content\/uploads\/2022\/02\/header-getinvolved.png","type":"image\/png"}],"twitter_card":"summary_large_image","twitter_misc":{"Dur\u00e9e de lecture estim\u00e9e":"1 minute"},"schema":{"@context":"https:\/\/schema.org","@graph":[{"@type":"WebPage","@id":"https:\/\/maisonelizabethhouse.com\/fr\/get-involved\/","url":"https:\/\/maisonelizabethhouse.com\/fr\/get-involved\/","name":"S'impliquer pour aider les familles dans le besoin - Maison Elizabeth","isPartOf":{"@id":"https:\/\/maisonelizabethhouse.com\/fr\/#website"},"primaryImageOfPage":{"@id":"https:\/\/maisonelizabethhouse.com\/fr\/get-involved\/#primaryimage"},"image":{"@id":"https:\/\/maisonelizabethhouse.com\/fr\/get-involved\/#primaryimage"},"thumbnailUrl":"https:\/\/maisonelizabethhouse.com\/wp-content\/uploads\/2022\/02\/header-getinvolved.png","datePublished":"2022-02-21T21:40:48+00:00","dateModified":"2024-04-19T17:04:22+00:00","description":"D\u00e9couvrez comment vous pouvez aider la communaut\u00e9 en supportant MaisonElizabeth, au travers de donations, ou bien en \u00e9tant volontaire dans nos projets.","breadcrumb":{"@id":"https:\/\/maisonelizabethhouse.com\/fr\/get-involved\/#breadcrumb"},"inLanguage":"fr-FR","potentialAction":[{"@type":"ReadAction","target":["https:\/\/maisonelizabethhouse.com\/fr\/get-involved\/"]}]},{"@type":"ImageObject","inLanguage":"fr-FR","@id":"https:\/\/maisonelizabethhouse.com\/fr\/get-involved\/#primaryimage","url":"https:\/\/maisonelizabethhouse.com\/wp-content\/uploads\/2022\/02\/header-getinvolved.png","contentUrl":"https:\/\/maisonelizabethhouse.com\/wp-content\/uploads\/2022\/02\/header-getinvolved.png","width":1545,"height":945},{"@type":"BreadcrumbList","@id":"https:\/\/maisonelizabethhouse.com\/fr\/get-involved\/#breadcrumb","itemListElement":[{"@type":"ListItem","position":1,"name":"Home","item":"https:\/\/maisonelizabethhouse.com\/fr\/"},{"@type":"ListItem","position":2,"name":"S\u2019impliquer"}]},{"@type":"WebSite","@id":"https:\/\/maisonelizabethhouse.com\/fr\/#website","url":"https:\/\/maisonelizabethhouse.com\/fr\/","name":"maisonelizabeth","description":"","potentialAction":[{"@type":"SearchAction","target":{"@type":"EntryPoint","urlTemplate":"https:\/\/maisonelizabethhouse.com\/fr\/?s={search_term_string}"},"query-input":{"@type":"PropertyValueSpecification","valueRequired":true,"valueName":"search_term_string"}}],"inLanguage":"fr-FR"}]}},"_links":{"self":[{"href":"https:\/\/maisonelizabethhouse.com\/fr\/wp-json\/wp\/v2\/pages\/484","targetHints":{"allow":["GET"]}}],"collection":[{"href":"https:\/\/maisonelizabethhouse.com\/fr\/wp-json\/wp\/v2\/pages"}],"about":[{"href":"https:\/\/maisonelizabethhouse.com\/fr\/wp-json\/wp\/v2\/types\/page"}],"author":[{"embeddable":true,"href":"https:\/\/maisonelizabethhouse.com\/fr\/wp-json\/wp\/v2\/users\/1"}],"replies":[{"embeddable":true,"href":"https:\/\/maisonelizabethhouse.com\/fr\/wp-json\/wp\/v2\/comments?post=484"}],"version-history":[{"count":32,"href":"https:\/\/maisonelizabethhouse.com\/fr\/wp-json\/wp\/v2\/pages\/484\/revisions"}],"predecessor-version":[{"id":1564,"href":"https:\/\/maisonelizabethhouse.com\/fr\/wp-json\/wp\/v2\/pages\/484\/revisions\/1564"}],"wp:featuredmedia":[{"embeddable":true,"href":"https:\/\/maisonelizabethhouse.com\/fr\/wp-json\/wp\/v2\/media\/82"}],"wp:attachment":[{"href":"https:\/\/maisonelizabethhouse.com\/fr\/wp-json\/wp\/v2\/media?parent=484"}],"curies":[{"name":"wp","href":"https:\/\/api.w.org\/{rel}","templated":true}]}}